{"id":33,"date":"2023-07-22T18:50:33","date_gmt":"2023-07-22T16:50:33","guid":{"rendered":"http:\/\/templates.raz-media.de\/OP-4\/?page_id=33"},"modified":"2026-02-28T08:49:45","modified_gmt":"2026-02-28T07:49:45","slug":"startseite","status":"publish","type":"page","link":"http:\/\/templates.raz-media.de\/OP-4\/","title":{"rendered":"Startseite"},"content":{"rendered":"\t\t<div data-elementor-type=\"wp-page\" data-elementor-id=\"33\" class=\"elementor elementor-33\" data-elementor-post-type=\"page\">\n\t\t\t\t<div class=\"elementor-element elementor-element-3911f8b e-flex e-con-boxed e-con e-parent\" data-id=\"3911f8b\" data-element_type=\"container\" data-e-type=\"container\">\n\t\t\t\t\t<div class=\"e-con-inner\">\n\t\t\t\t<div class=\"elementor-element elementor-element-adb79ff elementor-widget elementor-widget-spacer\" data-id=\"adb79ff\" data-element_type=\"widget\" data-e-type=\"widget\" data-widget_type=\"spacer.default\">\n\t\t\t\t<div class=\"elementor-widget-container\">\n\t\t\t\t\t\t\t<div class=\"elementor-spacer\">\n\t\t\t<div class=\"elementor-spacer-inner\"><\/div>\n\t\t<\/div>\n\t\t\t\t\t\t<\/div>\n\t\t\t\t<\/div>\n\t\t\t\t\t<\/div>\n\t\t\t\t<\/div>\n\t\t<div class=\"elementor-element elementor-element-e543147 e-flex e-con-boxed e-con e-parent\" data-id=\"e543147\" data-element_type=\"container\" data-e-type=\"container\">\n\t\t\t\t\t<div class=\"e-con-inner\">\n\t\t<div class=\"elementor-element elementor-element-646efd0 e-flex e-con-boxed e-con e-child\" data-id=\"646efd0\" data-element_type=\"container\" data-e-type=\"container\">\n\t\t\t\t\t<div class=\"e-con-inner\">\n\t\t\t\t<div class=\"elementor-element elementor-element-db68e9c elementor-widget elementor-widget-heading\" data-id=\"db68e9c\" data-element_type=\"widget\" data-e-type=\"widget\" data-widget_type=\"heading.default\">\n\t\t\t\t<div class=\"elementor-widget-container\">\n\t\t\t\t\t<h2 class=\"elementor-heading-title elementor-size-default\">Willkommen <br>in der Praxis Dr. Seibold<\/h2>\t\t\t\t<\/div>\n\t\t\t\t<\/div>\n\t\t\t\t\t<\/div>\n\t\t\t\t<\/div>\n\t\t<div class=\"elementor-element elementor-element-985ce1f e-flex e-con-boxed e-con e-child\" data-id=\"985ce1f\" data-element_type=\"container\" data-e-type=\"container\" data-settings=\"{&quot;background_background&quot;:&quot;classic&quot;}\">\n\t\t\t\t\t<div class=\"e-con-inner\">\n\t\t\t\t<div class=\"elementor-element elementor-element-6403bc7 elementor-widget elementor-widget-text-editor\" data-id=\"6403bc7\" data-element_type=\"widget\" data-e-type=\"widget\" data-widget_type=\"text-editor.default\">\n\t\t\t\t<div class=\"elementor-widget-container\">\n\t\t\t\t\t\t\t\t\t<p>Ihre Gesundheit steht bei uns im Mittelpunkt.<\/p><p>In unserer modernen Arztpraxis verbinden wir medizinische Kompetenz mit pers\u00f6nlicher Betreuung und einer vertrauensvollen Atmosph\u00e4re.<\/p><p>Wir nehmen uns Zeit f\u00fcr Sie \u2013 individuell, verst\u00e4ndlich und auf Augenh\u00f6he.<\/p>\t\t\t\t\t\t\t\t<\/div>\n\t\t\t\t<\/div>\n\t\t\t\t\t<\/div>\n\t\t\t\t<\/div>\n\t\t\t\t\t<\/div>\n\t\t\t\t<\/div>\n\t\t<div class=\"elementor-element elementor-element-f79a02a e-flex e-con-boxed e-con e-parent\" data-id=\"f79a02a\" data-element_type=\"container\" data-e-type=\"container\">\n\t\t\t\t\t<div class=\"e-con-inner\">\n\t\t\t\t<div class=\"elementor-element elementor-element-fd66be9 elementor-widget elementor-widget-spacer\" data-id=\"fd66be9\" data-element_type=\"widget\" data-e-type=\"widget\" data-widget_type=\"spacer.default\">\n\t\t\t\t<div class=\"elementor-widget-container\">\n\t\t\t\t\t\t\t<div class=\"elementor-spacer\">\n\t\t\t<div class=\"elementor-spacer-inner\"><\/div>\n\t\t<\/div>\n\t\t\t\t\t\t<\/div>\n\t\t\t\t<\/div>\n\t\t\t\t\t<\/div>\n\t\t\t\t<\/div>\n\t\t<div class=\"elementor-element elementor-element-7aff26f e-flex e-con-boxed e-con e-parent\" data-id=\"7aff26f\" data-element_type=\"container\" data-e-type=\"container\" data-settings=\"{&quot;background_background&quot;:&quot;classic&quot;}\">\n\t\t\t\t\t<div class=\"e-con-inner\">\n\t\t<div class=\"elementor-element elementor-element-5128c30 e-con-full e-flex e-con e-child\" data-id=\"5128c30\" data-element_type=\"container\" data-e-type=\"container\" data-settings=\"{&quot;background_background&quot;:&quot;classic&quot;}\">\n\t\t<div class=\"elementor-element elementor-element-bbcde6a e-con-full elementor-hidden-mobile e-flex e-con e-child\" data-id=\"bbcde6a\" data-element_type=\"container\" data-e-type=\"container\">\n\t\t\t\t<\/div>\n\t\t<div class=\"elementor-element elementor-element-d7ac02a e-con-full e-flex e-con e-child\" data-id=\"d7ac02a\" data-element_type=\"container\" data-e-type=\"container\">\n\t\t\t\t<div class=\"elementor-element elementor-element-806a4b2 elementor-widget elementor-widget-heading\" data-id=\"806a4b2\" data-element_type=\"widget\" data-e-type=\"widget\" data-widget_type=\"heading.default\">\n\t\t\t\t<div class=\"elementor-widget-container\">\n\t\t\t\t\t<h2 class=\"elementor-heading-title elementor-size-default\">Pers\u00f6nliche Betreuung<\/h2>\t\t\t\t<\/div>\n\t\t\t\t<\/div>\n\t\t\t\t<div class=\"elementor-element elementor-element-c24476a elementor-widget elementor-widget-text-editor\" data-id=\"c24476a\" data-element_type=\"widget\" data-e-type=\"widget\" data-widget_type=\"text-editor.default\">\n\t\t\t\t<div class=\"elementor-widget-container\">\n\t\t\t\t\t\t\t\t\t<p>Wir verstehen Medizin nicht nur als Behandlung von Symptomen, sondern als ganzheitliche Begleitung. Eine sorgf\u00e4ltige Diagnostik, transparente Aufkl\u00e4rung und eine vertrauensvolle Arzt-Patienten-Beziehung sind f\u00fcr uns selbstverst\u00e4ndlich.<\/p>\t\t\t\t\t\t\t\t<\/div>\n\t\t\t\t<\/div>\n\t\t\t\t<div class=\"elementor-element elementor-element-a56d029 elementor-widget elementor-widget-button\" data-id=\"a56d029\" data-element_type=\"widget\" data-e-type=\"widget\" data-widget_type=\"button.default\">\n\t\t\t\t<div class=\"elementor-widget-container\">\n\t\t\t\t\t\t\t\t\t<div class=\"elementor-button-wrapper\">\n\t\t\t\t\t<a class=\"elementor-button elementor-button-link elementor-size-sm\" href=\"#\">\n\t\t\t\t\t\t<span class=\"elementor-button-content-wrapper\">\n\t\t\t\t\t\t\t\t\t<span class=\"elementor-button-text\">Termin vereinbaren<\/span>\n\t\t\t\t\t<\/span>\n\t\t\t\t\t<\/a>\n\t\t\t\t<\/div>\n\t\t\t\t\t\t\t\t<\/div>\n\t\t\t\t<\/div>\n\t\t\t\t<\/div>\n\t\t\t\t<\/div>\n\t\t\t\t\t<\/div>\n\t\t\t\t<\/div>\n\t\t<div class=\"elementor-element elementor-element-ad126a0 e-flex e-con-boxed e-con e-parent\" data-id=\"ad126a0\" data-element_type=\"container\" data-e-type=\"container\">\n\t\t\t\t\t<div class=\"e-con-inner\">\n\t\t\t\t<div class=\"elementor-element elementor-element-c9e59e5 elementor-widget elementor-widget-spacer\" data-id=\"c9e59e5\" data-element_type=\"widget\" data-e-type=\"widget\" data-widget_type=\"spacer.default\">\n\t\t\t\t<div class=\"elementor-widget-container\">\n\t\t\t\t\t\t\t<div class=\"elementor-spacer\">\n\t\t\t<div class=\"elementor-spacer-inner\"><\/div>\n\t\t<\/div>\n\t\t\t\t\t\t<\/div>\n\t\t\t\t<\/div>\n\t\t\t\t\t<\/div>\n\t\t\t\t<\/div>\n\t\t<div class=\"elementor-element elementor-element-512ecbe e-flex e-con-boxed e-con e-parent\" data-id=\"512ecbe\" data-element_type=\"container\" data-e-type=\"container\" data-settings=\"{&quot;background_background&quot;:&quot;classic&quot;}\">\n\t\t\t\t\t<div class=\"e-con-inner\">\n\t\t<div class=\"elementor-element elementor-element-40330e7 e-con-full e-flex e-con e-child\" data-id=\"40330e7\" data-element_type=\"container\" data-e-type=\"container\" data-settings=\"{&quot;background_background&quot;:&quot;classic&quot;}\">\n\t\t\t\t<div class=\"elementor-element elementor-element-6e05382 elementor-widget elementor-widget-heading\" data-id=\"6e05382\" data-element_type=\"widget\" data-e-type=\"widget\" data-widget_type=\"heading.default\">\n\t\t\t\t<div class=\"elementor-widget-container\">\n\t\t\t\t\t<h2 class=\"elementor-heading-title elementor-size-default\">Unser Leistungsspektrum<\/h2>\t\t\t\t<\/div>\n\t\t\t\t<\/div>\n\t\t<div class=\"elementor-element elementor-element-a4608ad e-con-full e-flex e-con e-child\" data-id=\"a4608ad\" data-element_type=\"container\" data-e-type=\"container\">\n\t\t<div class=\"elementor-element elementor-element-f8e4b41 e-con-full e-flex e-con e-child\" data-id=\"f8e4b41\" data-element_type=\"container\" data-e-type=\"container\">\n\t\t\t\t<div class=\"elementor-element elementor-element-09a75fb elementor-widget elementor-widget-text-editor\" data-id=\"09a75fb\" data-element_type=\"widget\" data-e-type=\"widget\" data-widget_type=\"text-editor.default\">\n\t\t\t\t<div class=\"elementor-widget-container\">\n\t\t\t\t\t\t\t\t\t<h3>Allgemeinmedizin \/ Haus\u00e4rztliche Versorgung<\/h3><ul><li>Vorsorgeuntersuchungen<\/li><li>Gesundheits-Check-ups<\/li><li>Impfberatung &amp; Impfungen<\/li><li>Behandlung akuter und chronischer Erkrankungen<\/li><\/ul>\t\t\t\t\t\t\t\t<\/div>\n\t\t\t\t<\/div>\n\t\t\t\t<\/div>\n\t\t<div class=\"elementor-element elementor-element-7a13417 e-con-full e-flex e-con e-child\" data-id=\"7a13417\" data-element_type=\"container\" data-e-type=\"container\">\n\t\t\t\t<div class=\"elementor-element elementor-element-39167d5 elementor-widget elementor-widget-text-editor\" data-id=\"39167d5\" data-element_type=\"widget\" data-e-type=\"widget\" data-widget_type=\"text-editor.default\">\n\t\t\t\t<div class=\"elementor-widget-container\">\n\t\t\t\t\t\t\t\t\t<h3>Diagnostik<\/h3><ul><li>Laboruntersuchungen<\/li><li>EKG<\/li><li>Blutdruck-Langzeitmessung<\/li><li>Ultraschall (je nach Fachrichtung)<\/li><\/ul>\t\t\t\t\t\t\t\t<\/div>\n\t\t\t\t<\/div>\n\t\t\t\t<\/div>\n\t\t<div class=\"elementor-element elementor-element-46a943e e-con-full e-flex e-con e-child\" data-id=\"46a943e\" data-element_type=\"container\" data-e-type=\"container\">\n\t\t\t\t<div class=\"elementor-element elementor-element-30599df elementor-widget elementor-widget-text-editor\" data-id=\"30599df\" data-element_type=\"widget\" data-e-type=\"widget\" data-widget_type=\"text-editor.default\">\n\t\t\t\t<div class=\"elementor-widget-container\">\n\t\t\t\t\t\t\t\t\t<h3>Individuelle Gesundheitsleistungen (IGeL)<\/h3><ul><li>Erweiterte Vorsorge<\/li><li>Reisemedizinische Beratung<\/li><li>Pr\u00e4ventionsprogramme<\/li><\/ul>\t\t\t\t\t\t\t\t<\/div>\n\t\t\t\t<\/div>\n\t\t\t\t<\/div>\n\t\t\t\t<\/div>\n\t\t\t\t<\/div>\n\t\t\t\t\t<\/div>\n\t\t\t\t<\/div>\n\t\t<div class=\"elementor-element elementor-element-c759821 e-flex e-con-boxed e-con e-parent\" data-id=\"c759821\" data-element_type=\"container\" data-e-type=\"container\">\n\t\t\t\t\t<div class=\"e-con-inner\">\n\t\t\t\t<div class=\"elementor-element elementor-element-9c03010 elementor-widget elementor-widget-spacer\" data-id=\"9c03010\" data-element_type=\"widget\" data-e-type=\"widget\" data-widget_type=\"spacer.default\">\n\t\t\t\t<div class=\"elementor-widget-container\">\n\t\t\t\t\t\t\t<div class=\"elementor-spacer\">\n\t\t\t<div class=\"elementor-spacer-inner\"><\/div>\n\t\t<\/div>\n\t\t\t\t\t\t<\/div>\n\t\t\t\t<\/div>\n\t\t\t\t\t<\/div>\n\t\t\t\t<\/div>\n\t\t<div class=\"elementor-element elementor-element-6f998e8 e-flex e-con-boxed e-con e-parent\" data-id=\"6f998e8\" data-element_type=\"container\" data-e-type=\"container\" data-settings=\"{&quot;background_background&quot;:&quot;classic&quot;}\">\n\t\t\t\t\t<div class=\"e-con-inner\">\n\t\t<div class=\"elementor-element elementor-element-c3e5755 e-con-full e-flex e-con e-child\" data-id=\"c3e5755\" data-element_type=\"container\" data-e-type=\"container\" data-settings=\"{&quot;background_background&quot;:&quot;classic&quot;}\">\n\t\t<div class=\"elementor-element elementor-element-7ba2e2c e-con-full e-flex e-con e-child\" data-id=\"7ba2e2c\" data-element_type=\"container\" data-e-type=\"container\">\n\t\t\t\t<div class=\"elementor-element elementor-element-ca4735c elementor-widget elementor-widget-heading\" data-id=\"ca4735c\" data-element_type=\"widget\" data-e-type=\"widget\" data-widget_type=\"heading.default\">\n\t\t\t\t<div class=\"elementor-widget-container\">\n\t\t\t\t\t<h2 class=\"elementor-heading-title elementor-size-default\">Ihr Arzt<\/h2>\t\t\t\t<\/div>\n\t\t\t\t<\/div>\n\t\t\t\t<div class=\"elementor-element elementor-element-04cd524 elementor-widget elementor-widget-image\" data-id=\"04cd524\" data-element_type=\"widget\" data-e-type=\"widget\" data-widget_type=\"image.default\">\n\t\t\t\t<div class=\"elementor-widget-container\">\n\t\t\t\t\t\t\t\t\t\t\t\t\t\t\t<img fetchpriority=\"high\" decoding=\"async\" width=\"1017\" height=\"1018\" src=\"http:\/\/templates.raz-media.de\/OP-4\/wp-content\/uploads\/Arzt.jpg\" class=\"attachment-large size-large wp-image-107\" alt=\"\" srcset=\"http:\/\/templates.raz-media.de\/OP-4\/wp-content\/uploads\/Arzt.jpg 1017w, http:\/\/templates.raz-media.de\/OP-4\/wp-content\/uploads\/Arzt-300x300.jpg 300w, http:\/\/templates.raz-media.de\/OP-4\/wp-content\/uploads\/Arzt-150x150.jpg 150w, http:\/\/templates.raz-media.de\/OP-4\/wp-content\/uploads\/Arzt-768x769.jpg 768w\" sizes=\"(max-width: 1017px) 100vw, 1017px\" \/>\t\t\t\t\t\t\t\t\t\t\t\t\t\t\t<\/div>\n\t\t\t\t<\/div>\n\t\t\t\t<\/div>\n\t\t<div class=\"elementor-element elementor-element-ef3656f e-con-full e-flex e-con e-child\" data-id=\"ef3656f\" data-element_type=\"container\" data-e-type=\"container\">\n\t\t\t\t<div class=\"elementor-element elementor-element-50af93b elementor-widget elementor-widget-text-editor\" data-id=\"50af93b\" data-element_type=\"widget\" data-e-type=\"widget\" data-widget_type=\"text-editor.default\">\n\t\t\t\t<div class=\"elementor-widget-container\">\n\t\t\t\t\t\t\t\t\t<p>Dr. med. Roland Seibold ist seit \u00fcber 10 Jahren als Allgemeinarzt t\u00e4tig und steht f\u00fcr eine ganzheitliche, patientenorientierte Medizin.<\/p><p>Ausbildung &amp; Werdegang<\/p><ul><li>Studium der Humanmedizin an der [Universit\u00e4t]<\/li><li>Approbation als Arzt<\/li><li>Facharztausbildung f\u00fcr Allgemeinmedizin am [Krankenhaus\/Ort]<\/li><li>Mehrj\u00e4hrige T\u00e4tigkeit in der Inneren Medizin und Notfallmedizin<\/li><li>Seit [Jahr] niedergelassen in eigener Praxis in [Ort]<\/li><\/ul><p>Schwerpunkte<\/p><ul><li>Haus\u00e4rztliche Versorgung<\/li><li>Pr\u00e4ventionsmedizin &amp; Vorsorgeuntersuchungen<\/li><li>Behandlung chronischer Erkrankungen<\/li><li>Reisemedizin &amp; Impfberatung<\/li><\/ul>\t\t\t\t\t\t\t\t<\/div>\n\t\t\t\t<\/div>\n\t\t\t\t<\/div>\n\t\t\t\t<\/div>\n\t\t\t\t\t<\/div>\n\t\t\t\t<\/div>\n\t\t<div class=\"elementor-element elementor-element-905638b e-flex e-con-boxed e-con e-parent\" data-id=\"905638b\" data-element_type=\"container\" data-e-type=\"container\">\n\t\t\t\t\t<div class=\"e-con-inner\">\n\t\t\t\t<div class=\"elementor-element elementor-element-1cb154b elementor-widget elementor-widget-spacer\" data-id=\"1cb154b\" data-element_type=\"widget\" data-e-type=\"widget\" data-widget_type=\"spacer.default\">\n\t\t\t\t<div class=\"elementor-widget-container\">\n\t\t\t\t\t\t\t<div class=\"elementor-spacer\">\n\t\t\t<div class=\"elementor-spacer-inner\"><\/div>\n\t\t<\/div>\n\t\t\t\t\t\t<\/div>\n\t\t\t\t<\/div>\n\t\t\t\t\t<\/div>\n\t\t\t\t<\/div>\n\t\t<div class=\"elementor-element elementor-element-2839158 e-flex e-con-boxed e-con e-parent\" data-id=\"2839158\" data-element_type=\"container\" data-e-type=\"container\" data-settings=\"{&quot;background_background&quot;:&quot;classic&quot;}\">\n\t\t\t\t\t<div class=\"e-con-inner\">\n\t\t<div class=\"elementor-element elementor-element-b40a677 e-con-full e-flex e-con e-child\" data-id=\"b40a677\" data-element_type=\"container\" data-e-type=\"container\" data-settings=\"{&quot;background_background&quot;:&quot;classic&quot;}\">\n\t\t\t\t<div class=\"elementor-element elementor-element-504f28b elementor-widget elementor-widget-heading\" data-id=\"504f28b\" data-element_type=\"widget\" data-e-type=\"widget\" data-widget_type=\"heading.default\">\n\t\t\t\t<div class=\"elementor-widget-container\">\n\t\t\t\t\t<h2 class=\"elementor-heading-title elementor-size-default\">So erreichen Sie uns<\/h2>\t\t\t\t<\/div>\n\t\t\t\t<\/div>\n\t\t<div class=\"elementor-element elementor-element-e246f74 e-con-full e-flex e-con e-child\" data-id=\"e246f74\" data-element_type=\"container\" data-e-type=\"container\">\n\t\t<div class=\"elementor-element elementor-element-efde15d e-con-full e-flex e-con e-child\" data-id=\"efde15d\" data-element_type=\"container\" data-e-type=\"container\">\n\t\t\t\t<div class=\"elementor-element elementor-element-4550570 elementor-widget elementor-widget-google_maps\" data-id=\"4550570\" data-element_type=\"widget\" data-e-type=\"widget\" data-widget_type=\"google_maps.default\">\n\t\t\t\t<div class=\"elementor-widget-container\">\n\t\t\t\t\t\t\t<div class=\"elementor-custom-embed\">\n\t\t\t<iframe loading=\"lazy\"\n\t\t\t\t\tsrc=\"https:\/\/maps.google.com\/maps?q=Brandenburger%20Tor%2C%20Berlin%2C%20Deutschland&#038;t=m&#038;z=10&#038;output=embed&#038;iwloc=near\"\n\t\t\t\t\ttitle=\"Brandenburger Tor, Berlin, Deutschland\"\n\t\t\t\t\taria-label=\"Brandenburger Tor, Berlin, Deutschland\"\n\t\t\t><\/iframe>\n\t\t<\/div>\n\t\t\t\t\t\t<\/div>\n\t\t\t\t<\/div>\n\t\t\t\t<\/div>\n\t\t<div class=\"elementor-element elementor-element-2af4123 e-con-full e-flex e-con e-child\" data-id=\"2af4123\" data-element_type=\"container\" data-e-type=\"container\">\n\t\t\t\t<div class=\"elementor-element elementor-element-b73fdf5 elementor-widget elementor-widget-text-editor\" data-id=\"b73fdf5\" data-element_type=\"widget\" data-e-type=\"widget\" data-widget_type=\"text-editor.default\">\n\t\t\t\t<div class=\"elementor-widget-container\">\n\t\t\t\t\t\t\t\t\t<p>[Adresse]<br \/>[Telefonnummer]<br \/>[E-Mail]<br \/>[\u00d6ffnungszeiten]<\/p><p>Praxis Dr. Seilbold \u2013 F\u00fcr Ihre Gesundheit. Heute und in Zukunft.<\/p>\t\t\t\t\t\t\t\t<\/div>\n\t\t\t\t<\/div>\n\t\t\t\t<div class=\"elementor-element elementor-element-0fb9bb0 elementor-widget elementor-widget-button\" data-id=\"0fb9bb0\" data-element_type=\"widget\" data-e-type=\"widget\" data-widget_type=\"button.default\">\n\t\t\t\t<div class=\"elementor-widget-container\">\n\t\t\t\t\t\t\t\t\t<div class=\"elementor-button-wrapper\">\n\t\t\t\t\t<a class=\"elementor-button elementor-button-link elementor-size-sm\" href=\"#\">\n\t\t\t\t\t\t<span class=\"elementor-button-content-wrapper\">\n\t\t\t\t\t\t\t\t\t<span class=\"elementor-button-text\">Termin vereinbaren<\/span>\n\t\t\t\t\t<\/span>\n\t\t\t\t\t<\/a>\n\t\t\t\t<\/div>\n\t\t\t\t\t\t\t\t<\/div>\n\t\t\t\t<\/div>\n\t\t\t\t<\/div>\n\t\t\t\t<\/div>\n\t\t\t\t<\/div>\n\t\t\t\t\t<\/div>\n\t\t\t\t<\/div>\n\t\t<div class=\"elementor-element elementor-element-5ba7cfc elementor-hidden-tablet elementor-hidden-mobile e-flex e-con-boxed e-con e-parent\" data-id=\"5ba7cfc\" data-element_type=\"container\" data-e-type=\"container\">\n\t\t\t\t\t<div class=\"e-con-inner\">\n\t\t\t\t<div class=\"elementor-element elementor-element-4764ccf elementor-widget elementor-widget-spacer\" data-id=\"4764ccf\" data-element_type=\"widget\" data-e-type=\"widget\" data-widget_type=\"spacer.default\">\n\t\t\t\t<div class=\"elementor-widget-container\">\n\t\t\t\t\t\t\t<div class=\"elementor-spacer\">\n\t\t\t<div class=\"elementor-spacer-inner\"><\/div>\n\t\t<\/div>\n\t\t\t\t\t\t<\/div>\n\t\t\t\t<\/div>\n\t\t\t\t\t<\/div>\n\t\t\t\t<\/div>\n\t\t\t\t<\/div>\n\t\t","protected":false},"excerpt":{"rendered":"<p>Willkommen in der Praxis Dr. Seibold Ihre Gesundheit steht bei uns im Mittelpunkt. In unserer modernen Arztpraxis verbinden wir medizinische Kompetenz mit pers\u00f6nlicher Betreuung und einer vertrauensvollen Atmosph\u00e4re. Wir nehmen uns Zeit f\u00fcr Sie \u2013 individuell, verst\u00e4ndlich und auf Augenh\u00f6he. Pers\u00f6nliche Betreuung Wir verstehen Medizin nicht nur als Behandlung von Symptomen, sondern als ganzheitliche Begleitung. &#8230; <a title=\"Startseite\" class=\"read-more\" href=\"http:\/\/templates.raz-media.de\/OP-4\/\" aria-label=\"Mehr Informationen \u00fcber Startseite\">Weiterlesen<\/a><\/p>\n","protected":false},"author":2,"featured_media":0,"parent":0,"menu_order":0,"comment_status":"closed","ping_status":"closed","template":"elementor_header_footer","meta":{"footnotes":""},"class_list":["post-33","page","type-page","status-publish"],"_links":{"self":[{"href":"http:\/\/templates.raz-media.de\/OP-4\/wp-json\/wp\/v2\/pages\/33","targetHints":{"allow":["GET"]}}],"collection":[{"href":"http:\/\/templates.raz-media.de\/OP-4\/wp-json\/wp\/v2\/pages"}],"about":[{"href":"http:\/\/templates.raz-media.de\/OP-4\/wp-json\/wp\/v2\/types\/page"}],"author":[{"embeddable":true,"href":"http:\/\/templates.raz-media.de\/OP-4\/wp-json\/wp\/v2\/users\/2"}],"replies":[{"embeddable":true,"href":"http:\/\/templates.raz-media.de\/OP-4\/wp-json\/wp\/v2\/comments?post=33"}],"version-history":[{"count":82,"href":"http:\/\/templates.raz-media.de\/OP-4\/wp-json\/wp\/v2\/pages\/33\/revisions"}],"predecessor-version":[{"id":192,"href":"http:\/\/templates.raz-media.de\/OP-4\/wp-json\/wp\/v2\/pages\/33\/revisions\/192"}],"wp:attachment":[{"href":"http:\/\/templates.raz-media.de\/OP-4\/wp-json\/wp\/v2\/media?parent=33"}],"curies":[{"name":"wp","href":"https:\/\/api.w.org\/{rel}","templated":true}]}}