{"id":77,"date":"2024-07-16T06:12:49","date_gmt":"2024-07-16T04:12:49","guid":{"rendered":"http:\/\/templates.raz-media.de\/OP-3\/?page_id=77"},"modified":"2024-07-16T06:12:50","modified_gmt":"2024-07-16T04:12:50","slug":"datenschutz","status":"publish","type":"page","link":"http:\/\/templates.raz-media.de\/OP-3\/datenschutz\/","title":{"rendered":"Datenschutz"},"content":{"rendered":"\n<p>Personenbezogene Daten (nachfolgend zumeist nur \u201eDaten\u201c genannt) werden von uns nur im Rahmen der Erforderlichkeit sowie zum Zwecke der Bereitstellung eines funktionsf\u00e4higen und nutzerfreundlichen Internetauftritts, inklusive seiner Inhalte und der dort angebotenen Leistungen, verarbeitet.<\/p>\n\n\n\n<p>Gem\u00e4\u00df Art. 4 Ziffer 1. der Verordnung (EU) 2016\/679, also der Datenschutz-Grundverordnung (nachfolgend nur \u201eDSGVO\u201c genannt), gilt als \u201eVerarbeitung\u201c jeder mit oder ohne Hilfe automatisierter Verfahren ausgef\u00fchrter Vorgang oder jede solche Vorgangsreihe im Zusammenhang mit personenbezogenen Daten, wie das Erheben, das Erfassen, die Organisation, das Ordnen, die Speicherung, die Anpassung oder Ver\u00e4nderung, das Auslesen, das Abfragen, die Verwendung, die Offenlegung durch \u00dcbermittlung, Verbreitung oder eine andere Form der Bereitstellung, den Abgleich oder die Verkn\u00fcpfung, die Einschr\u00e4nkung, das L\u00f6schen oder die Vernichtung.<\/p>\n\n\n\n<p>Mit der nachfolgenden Datenschutzerkl\u00e4rung informieren wir Sie insbesondere \u00fcber Art, Umfang, Zweck, Dauer und Rechtsgrundlage der Verarbeitung personenbezogener Daten, soweit wir entweder allein oder gemeinsam mit anderen \u00fcber die Zwecke und Mittel der Verarbeitung entscheiden. Zudem informieren wir Sie nachfolgend \u00fcber die von uns zu Optimierungszwecken sowie zur Steigerung der Nutzungsqualit\u00e4t eingesetzten Fremdkomponenten, soweit hierdurch Dritte Daten in wiederum eigener Verantwortung verarbeiten.<\/p>\n\n\n\n<h3 class=\"wp-block-heading\">Verantwortlicher im Sinne der DSGVO:<\/h3>\n\n\n\n<p>xxx<\/p>\n\n\n\n<h3 class=\"wp-block-heading\">Geltungsbereich<\/h3>\n\n\n\n<p>Diese Datenschutzerkl\u00e4rung soll die Nutzer dieser Website gem\u00e4\u00df DSGVO \u00fcber die Art, den Umfang und den Zweck der Erhebung und Verwendung personenbezogener Daten durch den Websitebetreiber informieren. Der Websitebetreiber nimmt Ihren Datenschutz sehr ernst und behandelt Ihre personenbezogenen Daten vertraulich und entsprechend der gesetzlichen Vorschriften. Bedenken Sie, dass die Verwendung des Internets grunds\u00e4tzlich mit Sicherheitsl\u00fccken bedacht sein kann. Ein vollumf\u00e4nglicher Schutz vor dem Zugriff durch Fremde ist nicht realisierbar. Aus diesem Grund steht es Ihnen frei, personenbezogene Daten auch anderen Wegen an uns zu \u00fcbermitteln.<\/p>\n\n\n\n<h3 class=\"wp-block-heading\">SSL-Verschl\u00fcsselung (HTTPS-Protokoll)<\/h3>\n\n\n\n<p>Um Ihre \u00fcbermittelten Daten bestm\u00f6glich zu sch\u00fctzen, nutzen die Websitebetreiber eine SSL-Verschl\u00fcsselung. Sie erkennen derart verschl\u00fcsselte Verbindungen an dem Pr\u00e4fix \u201chttps:\/\/\u201c im Seitenlink in der Adresszeile Ihres Browsers. Unverschl\u00fcsselte Seite sind durch \u201ehttp:\/\/\u201c gekennzeichnet. S\u00e4mtliche Daten, welche Sie an diese Website \u00fcbermitteln \u2013 etwa bei Anfragen oder Logins \u2013 k\u00f6nnen dank SSL-Verschl\u00fcsselung nicht von Dritten gelesen werden.<\/p>\n\n\n\n<h3 class=\"wp-block-heading\">Zugriffsdaten<\/h3>\n\n\n\n<p>Der Websitebetreiber bzw. Seitenprovider erhebt Daten \u00fcber Zugriffe auf die Seite und speichert diese als \u201eServer-Logfiles\u201c ab. Folgende Daten werden so protokolliert:<\/p>\n\n\n\n<p>\u2013 Besuchte Website<br>\u2013 Uhrzeit zum Zeitpunkt des Zugriffes<br>\u2013 Menge der gesendeten Daten in Byte<br>\u2013 Quelle\/Verweis, von welchem Sie auf die Seite gelangten<br>\u2013 Verwendeter Browser<br>\u2013 Verwendetes Betriebssystem des Benutzers<br>\u2013 Verwendete IP-Adresse des Benutzers<\/p>\n\n\n\n<p>Die erhobenen Daten dienen lediglich statistischen Auswertungen und zur Verbesserung der Website. Der Websitebetreiber beh\u00e4lt sich allerdings vor, die Server-Logfiles nachtr\u00e4glich zu \u00fcberpr\u00fcfen, sollten konkrete Anhaltspunkte auf eine rechtswidrige Nutzung hinweisen.<\/p>\n\n\n\n<p>Die Speicherung erfolgt auf der Rechtsgrundlage von Art. 6 Abs. 1 lit. f) DSGVO. Unser berechtigtes Interesse liegt in der Verbesserung, Stabilit\u00e4t, Funktionalit\u00e4t und Sicherheit unseres Internetauftritts.<\/p>\n\n\n\n<p>Sofern Sie in die Verarbeitung personenbezogener Daten eingewilligt haben, vgl. Art. 6 Abs. 1 lit. a DSGVO, k\u00f6nnen Sie Ihre Einwilligung jederzeit widerrufen, ohne dass die Rechtm\u00e4\u00dfigkeit der aufgrund der Einwilligung bis zum Widerruf erfolgten Verarbeitung ber\u00fchrt wird. Den Text des Art. 6 DSGVO finden Sie hier:<\/p>\n\n\n\n<p><a href=\"https:\/\/eur-lex.europa.eu\/legal-content\/DE\/TXT\/PDF\/?uri=CELEX:32016R0679&amp;qid=1474615617790\">https:\/\/eur-lex.europa.eu\/legal-content\/DE\/TXT\/PDF\/?uri=CELEX:32016R0679&amp;qid=1474615617790<\/a><\/p>\n\n\n\n<h3 class=\"wp-block-heading\">Weitergabe an Dritte<\/h3>\n\n\n\n<p>Die von Ihnen eingegebenen personenbezogenen Daten werden ausschlie\u00dflich f\u00fcr unsere interne Verwendung und f\u00fcr eigene Zwecke erhoben und gespeichert. Wir k\u00f6nnen die Weitergabe an einen oder mehrere Auftragsverarbeiter veranlassen, der die personenbezogenen Daten ebenfalls ausschlie\u00dflich f\u00fcr eine interne Verwendung, die uns zuzurechnen ist, nutzt. Die Weitergabe von Daten an Auftragsverarbeiter erfolgt auf Grundlage von Art. 28 Abs. 1 DSGVO.<\/p>\n\n\n\n<p>Ein Verkauf Ihrer Daten an Dritte und\/oder Weitergabe der Daten zwecks Vermarktung wird hiermit ausgeschlossen.<\/p>\n\n\n\n<p>Ihre personenbezogenen Daten k\u00f6nnen ohne Ihre ausdr\u00fcckliche Einwilligung an die Strafverfolgungsbeh\u00f6rden sowie gegebenenfalls an gesch\u00e4digte Dritte weitergeleitet, wenn es zur Aufkl\u00e4rung einer rechtswidrigen Nutzung unserer Dienste oder f\u00fcr die Rechtsverfolgung erforderlich ist. Dies geschieht jedoch nur dann, wenn konkrete Anhaltspunkte f\u00fcr ein gesetzwidriges beziehungsweise missbr\u00e4uchliches Verhalten vorliegen. Eine Weitergabe kann auch dann stattfinden, wenn dies der Durchsetzung von Nutzungsbedingungen oder anderer Vereinbarungen dient. Wir sind zudem gesetzlich verpflichtet, auf Anfrage bestimmten \u00f6ffentlichen Stellen Auskunft zu erteilen. Dies sind Strafverfolgungsbeh\u00f6rden, Beh\u00f6rden, die bu\u00dfgeldbewehrte Ordnungswidrigkeiten verfolgen und die Finanzbeh\u00f6rden.<\/p>\n\n\n\n<p>Die Weitergabe dieser Daten erfolgt auf Grundlage unseres berechtigten Interesses an der Bek\u00e4mpfung von Missbrauch, der Verfolgung von Straftaten und der Sicherung, Geltendmachung und Durchsetzung von Anspr\u00fcchen sofern Ihre Rechte und Interessen am Schutz Ihrer personenbezogenen Daten nicht \u00fcberwiegen, Art. 6 Abs. 1 lit. f DSGVO. Eine \u00dcbermittlung an Drittstaaten findet nicht statt.<\/p>\n\n\n\n<h3 class=\"wp-block-heading\">Cookies<\/h3>\n\n\n\n<p>Diese Webseite verwendet Cookies. Wir verwenden Cookies, um Inhalte und Anzeigen zu personalisieren, Funktionen f\u00fcr soziale Medien anbieten zu k\u00f6nnen und die Zugriffe auf unsere Website zu analysieren. Au\u00dferdem geben wir Informationen zu Ihrer Verwendung unserer Website an unsere Partner f\u00fcr soziale Medien, Werbung und Analysen weiter. Unsere Partner f\u00fchren diese Informationen m\u00f6glicherweise mit weiteren Daten zusammen, die Sie ihnen bereitgestellt haben oder die sie im Rahmen Ihrer Nutzung der Dienste gesammelt haben.<\/p>\n\n\n\n<p>Cookies sind kleine Textdateien, die von Webseiten verwendet werden, um die Benutzererfahrung effizienter zu gestalten. Laut Gesetz k\u00f6nnen wir Cookies auf Ihrem Ger\u00e4t speichern, wenn diese f\u00fcr den Betrieb dieser Seite unbedingt notwendig sind. F\u00fcr alle anderen Cookie-Typen ben\u00f6tigen wir Ihre Erlaubnis.<\/p>\n\n\n\n<p>Diese Seite verwendet unterschiedliche Cookie-Typen. Einige Cookies werden von Drittparteien platziert, die auf unseren Seiten erscheinen. Sie k\u00f6nnen Ihre Einwilligung jederzeit von der Cookie-Erkl\u00e4rung auf unserer Website \u00e4ndern oder widerrufen.<\/p>\n\n\n\n<h3 class=\"wp-block-heading\">Umgang mit personenbezogenen Daten<\/h3>\n\n\n\n<p>Der Websitebetreiber erhebt, nutzt und gibt Ihre personenbezogenen Daten nur dann weiter, wenn dies im gesetzlichen Rahmen erlaubt ist oder Sie in die Datenerhebung einwilligen. Als personenbezogene Daten gelten s\u00e4mtliche Informationen, welche dazu dienen, Ihre Person zu bestimmen und welche zu Ihnen zur\u00fcckverfolgt werden k\u00f6nnen \u2013 also beispielsweise Ihr Name, Ihre E-Mail-Adresse und Telefonnummer.<\/p>\n\n\n\n<h3 class=\"wp-block-heading\">Umgang mit Kontaktdaten<\/h3>\n\n\n\n<p>Bei der Kontaktaufnahme mit uns (z.B. per Kontaktformular, E-Mail, Telefon oder via sozialer Medien) werden die Angaben des Nutzers zur Bearbeitung der Kontaktanfrage und deren Abwicklung gem. Art. 6 Abs. 1 lit. b) DSGVO verarbeitet. Die Angaben der Nutzer k\u00f6nnen in einem Customer-Relationship-Management System (\u201eCRM System\u201c) oder vergleichbarer Anfragenorganisation gespeichert werden. Wir l\u00f6schen die Anfragen, sofern diese nicht mehr erforderlich sind. Wir \u00fcberpr\u00fcfen die Erforderlichkeit alle zwei Jahre; Ferner gelten die gesetzlichen Archivierungspflichten.<\/p>\n\n\n\n<h3 class=\"wp-block-heading\">Kontakt per E-Mail<\/h3>\n\n\n\n<p>Wenn Sie mit uns in Kontakt treten (z. B. per Kontaktformular oder E-Mail), verarbeiten wir Ihre Angaben zur Bearbeitung der Anfrage sowie f\u00fcr den Fall, dass Anschlussfragen entstehen. Erfolgt die Datenverarbeitung zur Durchf\u00fchrung vorvertraglicher Ma\u00dfnahmen, die auf Ihre Anfrage hin erfolgen, bzw., wenn Sie bereits unser Kunde sind, zur Durchf\u00fchrung des Vertrages, ist Rechtsgrundlage f\u00fcr diese Datenverarbeitung Art. 6 Abs. 1 S. 1 b) DSGVO. Weitere personenbezogene Daten verarbeiten wir nur, wenn Sie dazu einwilligen (Art. 6 Abs. 1 S. 1 a) DSGVO) oder wir ein berechtigtes Interesse an der Verarbeitung Ihrer Daten haben (Art. 6 Abs. 1 S. 1 f) DSGVO). Ein berechtigtes Interesse liegt z. B. darin, auf Ihre E-Mail zu antworten.<\/p>\n\n\n\n<h3 class=\"wp-block-heading\">Rechte betreffend der Verarbeitung personenbezogender Daten<\/h3>\n\n\n\n<p><strong>Auskunftsrecht<\/strong><\/p>\n\n\n\n<p>Sie haben das Recht, von uns jederzeit auf Antrag eine Auskunft \u00fcber die von uns verarbeiteten, Sie betreffenden personenbezogenen Daten im Umfang des Art. 15 DSGVO zu erhalten. Hierzu k\u00f6nnen Sie einen Antrag postalisch oder per E-Mail an die unten angegebenen Adressen stellen. Den Text des Art. 15 DSGVO finden Sie hier:<\/p>\n\n\n\n<p><a href=\"https:\/\/eur-lex.europa.eu\/legal-content\/DE\/TXT\/PDF\/?uri=CELEX:32016R0679&amp;qid=1474615617790\">https:\/\/eur-lex.europa.eu\/legal-content\/DE\/TXT\/PDF\/?uri=CELEX:32016R0679&amp;qid=1474615617790<\/a><\/p>\n\n\n\n<p><strong>Recht zur Berichtigung unrichtiger Daten<\/strong><\/p>\n\n\n\n<p>Sie haben das Recht, von uns die unverz\u00fcgliche Berichtigung der Sie betreffenden personenbezogenen Daten zu verlangen, sofern diese unrichtig sein sollten, Art. 16 DSGVO. Wenden Sie sich hierf\u00fcr bitte an die unten angegebenen Kontaktadressen. Den Text des Art. 16 DSGVO finden Sie hier:&nbsp;<a href=\"https:\/\/eur-lex.europa.eu\/legal-content\/DE\/TXT\/PDF\/?uri=CELEX:32016R0679&amp;qid=1474615617790\" target=\"_blank\" rel=\"noreferrer noopener\">https:\/\/eur-lex.europa.eu\/legal-content\/DE\/TXT\/PDF\/?uri=CELEX:32016R0679&amp;qid=1474615617790<\/a><\/p>\n\n\n\n<p><strong>Recht auf L\u00f6schung<\/strong><\/p>\n\n\n\n<p>Sie haben ein Recht auf unverz\u00fcgliche L\u00f6schung (\u201eRecht auf Vergessenwerden\u201c) der Sie betreffenden personenbezogenen Daten beim Vorliegen der rechtlichen Gr\u00fcnde nach Art. 17 DSGVO. Den Text des Art. 17 DSGVO finden Sie hier:&nbsp;<a href=\"https:\/\/eur-lex.europa.eu\/legal-content\/DE\/TXT\/PDF\/?uri=CELEX:32016R0679&amp;qid=1474615617790\" target=\"_blank\" rel=\"noreferrer noopener\">https:\/\/eur-lex.europa.eu\/legal-content\/DE\/TXT\/PDF\/?uri=CELEX:32016R0679&amp;qid=1474615617790<\/a> Rechtliche Gr\u00fcnde liegen etwa vor, wenn die personenbezogenen Daten f\u00fcr die Zwecke, f\u00fcr die sie urspr\u00fcnglich verarbeitet worden sind, nicht mehr notwendig sind oder Sie Ihre Einwilligung widerrufen haben und wenn es an einer anderweitigen Rechtsgrundlage f\u00fcr die Verarbeitung fehlt; die betroffene Person Widerspruch gegen die Verarbeitung einlegt (und keine vorrangigen Gr\u00fcnde f\u00fcr eine Verarbeitung vorliegen \u2013 dies gilt nicht bei Widerspr\u00fcchen gegen Direktwerbung). Um Ihr vorstehendes Recht geltend zu machen, wenden Sie sich bitte an die unten angegebenen Kontaktadressen.<\/p>\n\n\n\n<p><strong>Recht auf Einschr\u00e4nkung der Verarbeitung<\/strong><\/p>\n\n\n\n<p>Sie haben ein Recht auf Einschr\u00e4nkung der Verarbeitung beim Vorliegen der Voraussetzungen und nach Ma\u00dfgabe von Art. 18 DSGVO. Den Text des Art. 18 DSGVO finden Sie hier:&nbsp;<a href=\"https:\/\/eur-lex.europa.eu\/legal-content\/DE\/TXT\/PDF\/?uri=CELEX:32016R0679&amp;qid=1474615617790\" target=\"_blank\" rel=\"noreferrer noopener\">https:\/\/eur-lex.europa.eu\/legal-content\/DE\/TXT\/PDF\/?uri=CELEX:32016R0679&amp;qid=1474615617790<\/a> Danach kann die Einschr\u00e4nkung der Verarbeitung insbesondere geboten sein, wenn die Verarbeitung unrechtm\u00e4\u00dfig ist und die betroffene Person die L\u00f6schung der personenbezogenen Daten ablehnt und stattdessen die Einschr\u00e4nkung der Nutzung der personenbezogenen Daten verlangt oder die betroffene Person Widerspruch gegen die Verarbeitung gem\u00e4\u00df Art. 21 Abs. 1 DSGVO eingelegt hat, solange noch nicht feststeht, ob unsere berechtigten Gr\u00fcnde gegen\u00fcber ihren \u00fcberwiegen. Um Ihr vorstehendes Recht geltend zu machen, wenden Sie sich bitte an die unten angegebenen Kontaktadressen.<\/p>\n\n\n\n<p><strong>Recht auf Daten\u00fcbertragbarkeit<\/strong><\/p>\n\n\n\n<p>Sie haben ein Recht auf Daten\u00fcbertragbarkeit nach Art. 20 DSGVO. Den Text des Art. 20 DSGVO finden Sie hier:&nbsp;<a href=\"https:\/\/eur-lex.europa.eu\/legal-content\/DE\/TXT\/PDF\/?uri=CELEX:32016R0679&amp;qid=1474615617790\" target=\"_blank\" rel=\"noreferrer noopener\">https:\/\/eur-lex.europa.eu\/legal-content\/DE\/TXT\/PDF\/?uri=CELEX:32016R0679&amp;qid=1474615617790<\/a> Sie haben hierbei das Recht, die Sie betreffenden Daten, die Sie uns bereitgestellt haben, in einem g\u00e4ngigen, strukturierten und maschinenlesbaren Format zu erhalten und diese Daten an einen anderen Verantwortlichen, etwa einen anderen Dienstleister, zu \u00fcbergeben. Voraussetzung ist hierf\u00fcr, dass die Verarbeitung auf einer Einwilligung oder auf einem Vertrag beruht und mithilfe automatisierter Verfahren erfolgt. Um Ihr vorstehendes Recht geltend zu machen, wenden Sie sich bitte an die unten angegebenen Kontaktadressen.<\/p>\n\n\n\n<p><strong>Widerspruchsrecht<\/strong><\/p>\n\n\n\n<p>Sie haben das Recht, aus Gr\u00fcnden, die sich aus Ihrer besonderen Situation ergeben, jederzeit gegen die Verarbeitung Sie betreffender personenbezogener Daten, die u.a. aufgrund von Art. 6 Abs. 1 lit. e oder f DSGVO erfolgt, Widerspruch nach Art. 21 DSGVO einzulegen. Wir werden die Verarbeitung Ihrer personenbezogenen Daten einstellen, es sei denn, wir k\u00f6nnen zwingende schutzw\u00fcrdige Gr\u00fcnde f\u00fcr die Verarbeitung nachweisen, die Ihre Interessen, Rechte und Freiheiten \u00fcberwiegen, oder die Verarbeitung dient der Geltendmachung, Aus\u00fcbung oder Verteidigung von Rechtsanspr\u00fcchen. Um Ihr vorstehendes Recht geltend zu machen, wenden Sie sich bitte an die unten angegebenen Kontaktadressen. Den Text des Art. 21 DSGVO finden Sie hier:<\/p>\n\n\n\n<p><a href=\"https:\/\/eur-lex.europa.eu\/legal-content\/DE\/TXT\/PDF\/?uri=CELEX:32016R0679&amp;qid=1474615617790\">https:\/\/eur-lex.europa.eu\/legal-content\/DE\/TXT\/PDF\/?uri=CELEX:32016R0679&amp;qid=1474615617790<\/a><\/p>\n\n\n\n<p><strong>Recht zur Beschwerde bei einer Aufsichtsbeh\u00f6rde<\/strong><\/p>\n\n\n\n<p>Wenn Sie der Auffassung sind, dass die Verarbeitung Sie betreffender personenbezogener Daten durch uns unzul\u00e4ssig ist, haben Sie das Recht, sich bei der f\u00fcr uns zust\u00e4ndigen Aufsichtsbeh\u00f6rde zu beschweren. Die Kontaktdaten der f\u00fcr Sie zust\u00e4ndigen Landesdatenschutzbeh\u00f6rde k\u00f6nnen Sie abrufen unter:<\/p>\n\n\n\n<p><a href=\"https:\/\/www.datenschutz-wiki.de\/Aufsichtsbeh\u00f6rden_und_Landesdatenschutzbeauftragte\">https:\/\/www.datenschutz-wiki.de\/Aufsichtsbeh\u00f6rden_und_Landesdatenschutzbeauftragte<\/a><\/p>\n","protected":false},"excerpt":{"rendered":"<p>Personenbezogene Daten (nachfolgend zumeist nur \u201eDaten\u201c genannt) werden von uns nur im Rahmen der Erforderlichkeit sowie zum Zwecke der Bereitstellung eines funktionsf\u00e4higen und nutzerfreundlichen Internetauftritts, inklusive seiner Inhalte und der dort angebotenen Leistungen, verarbeitet. Gem\u00e4\u00df Art. 4 Ziffer 1. der Verordnung (EU) 2016\/679, also der Datenschutz-Grundverordnung (nachfolgend nur \u201eDSGVO\u201c genannt), gilt als \u201eVerarbeitung\u201c jeder mit &#8230; <a title=\"Datenschutz\" class=\"read-more\" href=\"http:\/\/templates.raz-media.de\/OP-3\/datenschutz\/\" aria-label=\"Mehr Informationen \u00fcber Datenschutz\">Weiterlesen<\/a><\/p>\n","protected":false},"author":2,"featured_media":0,"parent":0,"menu_order":0,"comment_status":"closed","ping_status":"closed","template":"","meta":{"footnotes":""},"class_list":["post-77","page","type-page","status-publish"],"_links":{"self":[{"href":"http:\/\/templates.raz-media.de\/OP-3\/wp-json\/wp\/v2\/pages\/77","targetHints":{"allow":["GET"]}}],"collection":[{"href":"http:\/\/templates.raz-media.de\/OP-3\/wp-json\/wp\/v2\/pages"}],"about":[{"href":"http:\/\/templates.raz-media.de\/OP-3\/wp-json\/wp\/v2\/types\/page"}],"author":[{"embeddable":true,"href":"http:\/\/templates.raz-media.de\/OP-3\/wp-json\/wp\/v2\/users\/2"}],"replies":[{"embeddable":true,"href":"http:\/\/templates.raz-media.de\/OP-3\/wp-json\/wp\/v2\/comments?post=77"}],"version-history":[{"count":1,"href":"http:\/\/templates.raz-media.de\/OP-3\/wp-json\/wp\/v2\/pages\/77\/revisions"}],"predecessor-version":[{"id":79,"href":"http:\/\/templates.raz-media.de\/OP-3\/wp-json\/wp\/v2\/pages\/77\/revisions\/79"}],"wp:attachment":[{"href":"http:\/\/templates.raz-media.de\/OP-3\/wp-json\/wp\/v2\/media?parent=77"}],"curies":[{"name":"wp","href":"https:\/\/api.w.org\/{rel}","templated":true}]}}