{"id":33,"date":"2023-07-22T18:50:33","date_gmt":"2023-07-22T16:50:33","guid":{"rendered":"http:\/\/templates.raz-media.de\/OP-3\/?page_id=33"},"modified":"2026-02-27T14:34:10","modified_gmt":"2026-02-27T13:34:10","slug":"startseite","status":"publish","type":"page","link":"http:\/\/templates.raz-media.de\/OP-3\/","title":{"rendered":"Startseite"},"content":{"rendered":"\t\t<div data-elementor-type=\"wp-page\" data-elementor-id=\"33\" class=\"elementor elementor-33\" data-elementor-post-type=\"page\">\n\t\t\t\t<div class=\"elementor-element elementor-element-377c222 e-flex e-con-boxed e-con e-parent\" data-id=\"377c222\" data-element_type=\"container\" data-e-type=\"container\" data-settings=\"{&quot;background_background&quot;:&quot;classic&quot;}\">\n\t\t\t\t\t<div class=\"e-con-inner\">\n\t\t<div class=\"elementor-element elementor-element-7e10d51 e-con-full e-flex e-con e-child\" data-id=\"7e10d51\" data-element_type=\"container\" data-e-type=\"container\">\n\t\t\t\t<div class=\"elementor-element elementor-element-99f9f52 elementor-widget elementor-widget-image\" data-id=\"99f9f52\" data-element_type=\"widget\" data-e-type=\"widget\" data-widget_type=\"image.default\">\n\t\t\t\t<div class=\"elementor-widget-container\">\n\t\t\t\t\t\t\t\t\t\t\t\t\t\t\t<img fetchpriority=\"high\" decoding=\"async\" width=\"1017\" height=\"1017\" src=\"http:\/\/templates.raz-media.de\/OP-3\/wp-content\/uploads\/anwalt-1.jpg\" class=\"attachment-large size-large wp-image-104\" alt=\"\" srcset=\"http:\/\/templates.raz-media.de\/OP-3\/wp-content\/uploads\/anwalt-1.jpg 1017w, http:\/\/templates.raz-media.de\/OP-3\/wp-content\/uploads\/anwalt-1-300x300.jpg 300w, http:\/\/templates.raz-media.de\/OP-3\/wp-content\/uploads\/anwalt-1-150x150.jpg 150w, http:\/\/templates.raz-media.de\/OP-3\/wp-content\/uploads\/anwalt-1-768x768.jpg 768w\" sizes=\"(max-width: 1017px) 100vw, 1017px\" \/>\t\t\t\t\t\t\t\t\t\t\t\t\t\t\t<\/div>\n\t\t\t\t<\/div>\n\t\t\t\t<\/div>\n\t\t<div class=\"elementor-element elementor-element-a9c7440 e-con-full e-flex e-con e-child\" data-id=\"a9c7440\" data-element_type=\"container\" data-e-type=\"container\">\n\t\t\t\t<div class=\"elementor-element elementor-element-0cdba72 elementor-widget elementor-widget-heading\" data-id=\"0cdba72\" data-element_type=\"widget\" data-e-type=\"widget\" data-widget_type=\"heading.default\">\n\t\t\t\t<div class=\"elementor-widget-container\">\n\t\t\t\t\t<h2 class=\"elementor-heading-title elementor-size-default\">Kanzlei M\u00fcller &amp; Partner <br>An Ihrer Seite<\/h2>\t\t\t\t<\/div>\n\t\t\t\t<\/div>\n\t\t\t\t<div class=\"elementor-element elementor-element-b40cf26 elementor-widget elementor-widget-text-editor\" data-id=\"b40cf26\" data-element_type=\"widget\" data-e-type=\"widget\" data-widget_type=\"text-editor.default\">\n\t\t\t\t<div class=\"elementor-widget-container\">\n\t\t\t\t\t\t\t\t\t<p data-start=\"52\" data-end=\"292\">Rechtliche Fragen erfordern klare Antworten \u2013 kompetent, engagiert und zuverl\u00e4ssig.<\/p><p data-start=\"52\" data-end=\"292\">Als erfahrene Rechtsanwaltskanzlei stehen wir Ihnen mit fundierter Beratung und konsequenter Vertretung zur Seite \u2013 au\u00dfergerichtlich wie auch vor Gericht.<\/p><p data-start=\"294\" data-end=\"322\">Ihr Recht ist unser Auftrag.<\/p>\t\t\t\t\t\t\t\t<\/div>\n\t\t\t\t<\/div>\n\t\t\t\t<div class=\"elementor-element elementor-element-a6360f2 elementor-widget elementor-widget-button\" data-id=\"a6360f2\" data-element_type=\"widget\" data-e-type=\"widget\" data-widget_type=\"button.default\">\n\t\t\t\t<div class=\"elementor-widget-container\">\n\t\t\t\t\t\t\t\t\t<div class=\"elementor-button-wrapper\">\n\t\t\t\t\t<a class=\"elementor-button elementor-button-link elementor-size-sm\" href=\"#\">\n\t\t\t\t\t\t<span class=\"elementor-button-content-wrapper\">\n\t\t\t\t\t\t\t\t\t<span class=\"elementor-button-text\">Kontaktieren Sie uns<\/span>\n\t\t\t\t\t<\/span>\n\t\t\t\t\t<\/a>\n\t\t\t\t<\/div>\n\t\t\t\t\t\t\t\t<\/div>\n\t\t\t\t<\/div>\n\t\t\t\t<\/div>\n\t\t\t\t\t<\/div>\n\t\t\t\t<\/div>\n\t\t<div class=\"elementor-element elementor-element-8f89bc3 e-flex e-con-boxed e-con e-parent\" data-id=\"8f89bc3\" data-element_type=\"container\" data-e-type=\"container\">\n\t\t\t\t\t<div class=\"e-con-inner\">\n\t\t\t\t<div class=\"elementor-element elementor-element-aae3041 elementor-widget elementor-widget-heading\" data-id=\"aae3041\" data-element_type=\"widget\" data-e-type=\"widget\" data-widget_type=\"heading.default\">\n\t\t\t\t<div class=\"elementor-widget-container\">\n\t\t\t\t\t<h2 class=\"elementor-heading-title elementor-size-default\">Unsere Anw\u00e4lte<\/h2>\t\t\t\t<\/div>\n\t\t\t\t<\/div>\n\t\t<div class=\"elementor-element elementor-element-a313f49 e-con-full e-flex e-con e-child\" data-id=\"a313f49\" data-element_type=\"container\" data-e-type=\"container\">\n\t\t<div class=\"elementor-element elementor-element-6d82f57 e-con-full e-flex e-con e-child\" data-id=\"6d82f57\" data-element_type=\"container\" data-e-type=\"container\">\n\t\t\t\t<div class=\"elementor-element elementor-element-e8718d4 elementor-position-top elementor-widget elementor-widget-image-box\" data-id=\"e8718d4\" data-element_type=\"widget\" data-e-type=\"widget\" data-widget_type=\"image-box.default\">\n\t\t\t\t<div class=\"elementor-widget-container\">\n\t\t\t\t\t<div class=\"elementor-image-box-wrapper\"><figure class=\"elementor-image-box-img\"><img decoding=\"async\" width=\"305\" height=\"422\" src=\"http:\/\/templates.raz-media.de\/OP-3\/wp-content\/uploads\/mueller.jpg\" class=\"attachment-full size-full wp-image-149\" alt=\"\" srcset=\"http:\/\/templates.raz-media.de\/OP-3\/wp-content\/uploads\/mueller.jpg 305w, http:\/\/templates.raz-media.de\/OP-3\/wp-content\/uploads\/mueller-217x300.jpg 217w\" sizes=\"(max-width: 305px) 100vw, 305px\" \/><\/figure><div class=\"elementor-image-box-content\"><h4 class=\"elementor-image-box-title\">Mike M\u00fcller<\/h4><p class=\"elementor-image-box-description\">Fachanwalt f\u00fcr Arbeitsrecht<\/p><\/div><\/div>\t\t\t\t<\/div>\n\t\t\t\t<\/div>\n\t\t\t\t<\/div>\n\t\t<div class=\"elementor-element elementor-element-b6592fb e-con-full e-flex e-con e-child\" data-id=\"b6592fb\" data-element_type=\"container\" data-e-type=\"container\">\n\t\t\t\t<div class=\"elementor-element elementor-element-2ef3383 elementor-position-top elementor-widget elementor-widget-image-box\" data-id=\"2ef3383\" data-element_type=\"widget\" data-e-type=\"widget\" data-widget_type=\"image-box.default\">\n\t\t\t\t<div class=\"elementor-widget-container\">\n\t\t\t\t\t<div class=\"elementor-image-box-wrapper\"><figure class=\"elementor-image-box-img\"><img decoding=\"async\" width=\"305\" height=\"422\" src=\"http:\/\/templates.raz-media.de\/OP-3\/wp-content\/uploads\/wegner.jpg\" class=\"attachment-full size-full wp-image-148\" alt=\"\" srcset=\"http:\/\/templates.raz-media.de\/OP-3\/wp-content\/uploads\/wegner.jpg 305w, http:\/\/templates.raz-media.de\/OP-3\/wp-content\/uploads\/wegner-217x300.jpg 217w\" sizes=\"(max-width: 305px) 100vw, 305px\" \/><\/figure><div class=\"elementor-image-box-content\"><h4 class=\"elementor-image-box-title\">Laura Wegner<\/h4><p class=\"elementor-image-box-description\">Fachanw\u00e4ltin f\u00fcr Wohn- und Eigentumsrecht<\/p><\/div><\/div>\t\t\t\t<\/div>\n\t\t\t\t<\/div>\n\t\t\t\t<\/div>\n\t\t<div class=\"elementor-element elementor-element-08491a1 e-con-full e-flex e-con e-child\" data-id=\"08491a1\" data-element_type=\"container\" data-e-type=\"container\">\n\t\t\t\t<div class=\"elementor-element elementor-element-57073d7 elementor-position-top elementor-widget elementor-widget-image-box\" data-id=\"57073d7\" data-element_type=\"widget\" data-e-type=\"widget\" data-widget_type=\"image-box.default\">\n\t\t\t\t<div class=\"elementor-widget-container\">\n\t\t\t\t\t<div class=\"elementor-image-box-wrapper\"><figure class=\"elementor-image-box-img\"><img loading=\"lazy\" decoding=\"async\" width=\"305\" height=\"422\" src=\"http:\/\/templates.raz-media.de\/OP-3\/wp-content\/uploads\/lorenz.jpg\" class=\"attachment-full size-full wp-image-147\" alt=\"\" srcset=\"http:\/\/templates.raz-media.de\/OP-3\/wp-content\/uploads\/lorenz.jpg 305w, http:\/\/templates.raz-media.de\/OP-3\/wp-content\/uploads\/lorenz-217x300.jpg 217w\" sizes=\"(max-width: 305px) 100vw, 305px\" \/><\/figure><div class=\"elementor-image-box-content\"><h4 class=\"elementor-image-box-title\">Lorenz Haidinger<\/h4><p class=\"elementor-image-box-description\">Fachanwalt f\u00fcr Verkehrsrecht<\/p><\/div><\/div>\t\t\t\t<\/div>\n\t\t\t\t<\/div>\n\t\t\t\t<\/div>\n\t\t<div class=\"elementor-element elementor-element-685dda9 e-con-full e-flex e-con e-child\" data-id=\"685dda9\" data-element_type=\"container\" data-e-type=\"container\">\n\t\t\t\t<div class=\"elementor-element elementor-element-f466969 elementor-position-top elementor-widget elementor-widget-image-box\" data-id=\"f466969\" data-element_type=\"widget\" data-e-type=\"widget\" data-widget_type=\"image-box.default\">\n\t\t\t\t<div class=\"elementor-widget-container\">\n\t\t\t\t\t<div class=\"elementor-image-box-wrapper\"><figure class=\"elementor-image-box-img\"><img loading=\"lazy\" decoding=\"async\" width=\"305\" height=\"422\" src=\"http:\/\/templates.raz-media.de\/OP-3\/wp-content\/uploads\/Mau.jpg\" class=\"attachment-full size-full wp-image-146\" alt=\"\" srcset=\"http:\/\/templates.raz-media.de\/OP-3\/wp-content\/uploads\/Mau.jpg 305w, http:\/\/templates.raz-media.de\/OP-3\/wp-content\/uploads\/Mau-217x300.jpg 217w\" sizes=\"(max-width: 305px) 100vw, 305px\" \/><\/figure><div class=\"elementor-image-box-content\"><h4 class=\"elementor-image-box-title\">Vivienne Mau<\/h4><p class=\"elementor-image-box-description\">Fachanw\u00e4ltin f\u00fcr Familienrecht<\/p><\/div><\/div>\t\t\t\t<\/div>\n\t\t\t\t<\/div>\n\t\t\t\t<\/div>\n\t\t\t\t<\/div>\n\t\t\t\t\t<\/div>\n\t\t\t\t<\/div>\n\t\t<div class=\"elementor-element elementor-element-0e5dc6a e-flex e-con-boxed e-con e-parent\" data-id=\"0e5dc6a\" data-element_type=\"container\" data-e-type=\"container\" data-settings=\"{&quot;background_background&quot;:&quot;classic&quot;}\">\n\t\t\t\t\t<div class=\"e-con-inner\">\n\t\t\t\t<div class=\"elementor-element elementor-element-2429183 elementor-widget elementor-widget-heading\" data-id=\"2429183\" data-element_type=\"widget\" data-e-type=\"widget\" data-widget_type=\"heading.default\">\n\t\t\t\t<div class=\"elementor-widget-container\">\n\t\t\t\t\t<h2 class=\"elementor-heading-title elementor-size-default\">Unsere Rechtsgebiete<\/h2>\t\t\t\t<\/div>\n\t\t\t\t<\/div>\n\t\t<div class=\"elementor-element elementor-element-78ad6d6 e-con-full e-flex e-con e-child\" data-id=\"78ad6d6\" data-element_type=\"container\" data-e-type=\"container\">\n\t\t<div class=\"elementor-element elementor-element-4b81833 e-con-full e-flex e-con e-child\" data-id=\"4b81833\" data-element_type=\"container\" data-e-type=\"container\" data-settings=\"{&quot;background_background&quot;:&quot;classic&quot;}\">\n\t\t\t\t<div class=\"elementor-element elementor-element-7759040 elementor-widget elementor-widget-heading\" data-id=\"7759040\" data-element_type=\"widget\" data-e-type=\"widget\" data-widget_type=\"heading.default\">\n\t\t\t\t<div class=\"elementor-widget-container\">\n\t\t\t\t\t<h3 class=\"elementor-heading-title elementor-size-default\">Arbeitsrecht<\/h3>\t\t\t\t<\/div>\n\t\t\t\t<\/div>\n\t\t\t\t<div class=\"elementor-element elementor-element-9946ab5 elementor-widget elementor-widget-text-editor\" data-id=\"9946ab5\" data-element_type=\"widget\" data-e-type=\"widget\" data-widget_type=\"text-editor.default\">\n\t\t\t\t<div class=\"elementor-widget-container\">\n\t\t\t\t\t\t\t\t\t<ul><li>K\u00fcndigung &amp; K\u00fcndigungsschutz<\/li><li>Abmahnung<\/li><li>Arbeitsvertrag &amp; Aufhebungsvertrag<\/li><li>Zeugnispr\u00fcfung<\/li><\/ul>\t\t\t\t\t\t\t\t<\/div>\n\t\t\t\t<\/div>\n\t\t\t\t<\/div>\n\t\t<div class=\"elementor-element elementor-element-c10ec0d e-con-full e-flex e-con e-child\" data-id=\"c10ec0d\" data-element_type=\"container\" data-e-type=\"container\" data-settings=\"{&quot;background_background&quot;:&quot;classic&quot;}\">\n\t\t\t\t<div class=\"elementor-element elementor-element-849556d elementor-widget elementor-widget-heading\" data-id=\"849556d\" data-element_type=\"widget\" data-e-type=\"widget\" data-widget_type=\"heading.default\">\n\t\t\t\t<div class=\"elementor-widget-container\">\n\t\t\t\t\t<h3 class=\"elementor-heading-title elementor-size-default\">Mietrecht<\/h3>\t\t\t\t<\/div>\n\t\t\t\t<\/div>\n\t\t\t\t<div class=\"elementor-element elementor-element-5667a94 elementor-widget elementor-widget-text-editor\" data-id=\"5667a94\" data-element_type=\"widget\" data-e-type=\"widget\" data-widget_type=\"text-editor.default\">\n\t\t\t\t<div class=\"elementor-widget-container\">\n\t\t\t\t\t\t\t\t\t<ul><li>K\u00fcndigung &amp; R\u00e4umung<\/li><li>Mieterh\u00f6hungen<\/li><li>Nebenkostenabrechnung<\/li><li>Vertragspr\u00fcfung<\/li><\/ul>\t\t\t\t\t\t\t\t<\/div>\n\t\t\t\t<\/div>\n\t\t\t\t<\/div>\n\t\t<div class=\"elementor-element elementor-element-c02c74a e-con-full e-flex e-con e-child\" data-id=\"c02c74a\" data-element_type=\"container\" data-e-type=\"container\" data-settings=\"{&quot;background_background&quot;:&quot;classic&quot;}\">\n\t\t\t\t<div class=\"elementor-element elementor-element-c9b51f2 elementor-widget elementor-widget-heading\" data-id=\"c9b51f2\" data-element_type=\"widget\" data-e-type=\"widget\" data-widget_type=\"heading.default\">\n\t\t\t\t<div class=\"elementor-widget-container\">\n\t\t\t\t\t<h3 class=\"elementor-heading-title elementor-size-default\">Verkehrsrecht<\/h3>\t\t\t\t<\/div>\n\t\t\t\t<\/div>\n\t\t\t\t<div class=\"elementor-element elementor-element-93227cc elementor-widget elementor-widget-text-editor\" data-id=\"93227cc\" data-element_type=\"widget\" data-e-type=\"widget\" data-widget_type=\"text-editor.default\">\n\t\t\t\t<div class=\"elementor-widget-container\">\n\t\t\t\t\t\t\t\t\t<ul><li>Unfallregulierung<\/li><li>Bu\u00dfgeldverfahren<\/li><li>F\u00fchrerschein-<br \/>angelegenheiten<\/li><li>Schadensersatz<\/li><\/ul>\t\t\t\t\t\t\t\t<\/div>\n\t\t\t\t<\/div>\n\t\t\t\t<\/div>\n\t\t<div class=\"elementor-element elementor-element-0aaa5f2 e-con-full e-flex e-con e-child\" data-id=\"0aaa5f2\" data-element_type=\"container\" data-e-type=\"container\" data-settings=\"{&quot;background_background&quot;:&quot;classic&quot;}\">\n\t\t\t\t<div class=\"elementor-element elementor-element-05cbcbf elementor-widget elementor-widget-heading\" data-id=\"05cbcbf\" data-element_type=\"widget\" data-e-type=\"widget\" data-widget_type=\"heading.default\">\n\t\t\t\t<div class=\"elementor-widget-container\">\n\t\t\t\t\t<h3 class=\"elementor-heading-title elementor-size-default\">Familienrecht<\/h3>\t\t\t\t<\/div>\n\t\t\t\t<\/div>\n\t\t\t\t<div class=\"elementor-element elementor-element-75063ee elementor-widget elementor-widget-text-editor\" data-id=\"75063ee\" data-element_type=\"widget\" data-e-type=\"widget\" data-widget_type=\"text-editor.default\">\n\t\t\t\t<div class=\"elementor-widget-container\">\n\t\t\t\t\t\t\t\t\t<ul><li data-start=\"500\" data-end=\"511\">Scheidung<\/li><li data-start=\"514\" data-end=\"525\">Unterhalt<\/li><li data-start=\"514\" data-end=\"525\">Sorgerecht &amp; Umgangsrecht<\/li><li data-start=\"558\" data-end=\"570\">Ehevertrag<\/li><\/ul>\t\t\t\t\t\t\t\t<\/div>\n\t\t\t\t<\/div>\n\t\t\t\t<\/div>\n\t\t\t\t<\/div>\n\t\t\t\t\t<\/div>\n\t\t\t\t<\/div>\n\t\t<div class=\"elementor-element elementor-element-d79d0a4 e-flex e-con-boxed e-con e-parent\" data-id=\"d79d0a4\" data-element_type=\"container\" data-e-type=\"container\">\n\t\t\t\t\t<div class=\"e-con-inner\">\n\t\t<div class=\"elementor-element elementor-element-ab78489 e-con-full e-flex e-con e-child\" data-id=\"ab78489\" data-element_type=\"container\" data-e-type=\"container\">\n\t\t<div class=\"elementor-element elementor-element-1f69490 e-con-full e-flex e-con e-child\" data-id=\"1f69490\" data-element_type=\"container\" data-e-type=\"container\">\n\t\t\t\t<div class=\"elementor-element elementor-element-910c131 elementor-view-default elementor-widget elementor-widget-icon\" data-id=\"910c131\" data-element_type=\"widget\" data-e-type=\"widget\" data-widget_type=\"icon.default\">\n\t\t\t\t<div class=\"elementor-widget-container\">\n\t\t\t\t\t\t\t<div class=\"elementor-icon-wrapper\">\n\t\t\t<div class=\"elementor-icon\">\n\t\t\t<i aria-hidden=\"true\" class=\"fas fa-user-friends\"><\/i>\t\t\t<\/div>\n\t\t<\/div>\n\t\t\t\t\t\t<\/div>\n\t\t\t\t<\/div>\n\t\t\t\t<\/div>\n\t\t<div class=\"elementor-element elementor-element-d70af8f e-con-full e-flex e-con e-child\" data-id=\"d70af8f\" data-element_type=\"container\" data-e-type=\"container\">\n\t\t\t\t<div class=\"elementor-element elementor-element-3988b02 elementor-widget elementor-widget-text-editor\" data-id=\"3988b02\" data-element_type=\"widget\" data-e-type=\"widget\" data-widget_type=\"text-editor.default\">\n\t\t\t\t<div class=\"elementor-widget-container\">\n\t\t\t\t\t\t\t\t\t<h2 data-start=\"833\" data-end=\"860\">Individuelle Beratung<\/h2><p data-start=\"862\" data-end=\"1049\">Jeder Fall ist einzigartig. Deshalb nehmen wir uns Zeit f\u00fcr Ihr Anliegen, analysieren Ihre Situation sorgf\u00e4ltig und entwickeln eine klare Strategie \u2013 transparent und verst\u00e4ndlich erkl\u00e4rt.<\/p>\t\t\t\t\t\t\t\t<\/div>\n\t\t\t\t<\/div>\n\t\t\t\t<\/div>\n\t\t\t\t<\/div>\n\t\t<div class=\"elementor-element elementor-element-b179a37 e-con-full e-flex e-con e-child\" data-id=\"b179a37\" data-element_type=\"container\" data-e-type=\"container\">\n\t\t<div class=\"elementor-element elementor-element-8cac7f4 e-con-full e-flex e-con e-child\" data-id=\"8cac7f4\" data-element_type=\"container\" data-e-type=\"container\">\n\t\t\t\t<div class=\"elementor-element elementor-element-6187629 elementor-view-default elementor-widget elementor-widget-icon\" data-id=\"6187629\" data-element_type=\"widget\" data-e-type=\"widget\" data-widget_type=\"icon.default\">\n\t\t\t\t<div class=\"elementor-widget-container\">\n\t\t\t\t\t\t\t<div class=\"elementor-icon-wrapper\">\n\t\t\t<div class=\"elementor-icon\">\n\t\t\t<i aria-hidden=\"true\" class=\"fas fa-user-graduate\"><\/i>\t\t\t<\/div>\n\t\t<\/div>\n\t\t\t\t\t\t<\/div>\n\t\t\t\t<\/div>\n\t\t\t\t<\/div>\n\t\t<div class=\"elementor-element elementor-element-05a779f e-con-full e-flex e-con e-child\" data-id=\"05a779f\" data-element_type=\"container\" data-e-type=\"container\">\n\t\t\t\t<div class=\"elementor-element elementor-element-1c4f425 elementor-widget elementor-widget-text-editor\" data-id=\"1c4f425\" data-element_type=\"widget\" data-e-type=\"widget\" data-widget_type=\"text-editor.default\">\n\t\t\t\t<div class=\"elementor-widget-container\">\n\t\t\t\t\t\t\t\t\t<h2 data-start=\"1056\" data-end=\"1091\">Durchsetzung Ihrer Interessen<\/h2><p data-start=\"1093\" data-end=\"1247\">Ob au\u00dfergerichtliche Einigung oder gerichtliche Vertretung \u2013 wir setzen uns engagiert f\u00fcr Ihre Rechte ein. Ziel ist stets die bestm\u00f6gliche L\u00f6sung f\u00fcr Sie.<\/p>\t\t\t\t\t\t\t\t<\/div>\n\t\t\t\t<\/div>\n\t\t\t\t<\/div>\n\t\t\t\t<\/div>\n\t\t<div class=\"elementor-element elementor-element-9f74901 e-con-full e-flex e-con e-child\" data-id=\"9f74901\" data-element_type=\"container\" data-e-type=\"container\">\n\t\t<div class=\"elementor-element elementor-element-64244fe e-con-full e-flex e-con e-child\" data-id=\"64244fe\" data-element_type=\"container\" data-e-type=\"container\">\n\t\t\t\t<div class=\"elementor-element elementor-element-d203d04 elementor-view-default elementor-widget elementor-widget-icon\" data-id=\"d203d04\" data-element_type=\"widget\" data-e-type=\"widget\" data-widget_type=\"icon.default\">\n\t\t\t\t<div class=\"elementor-widget-container\">\n\t\t\t\t\t\t\t<div class=\"elementor-icon-wrapper\">\n\t\t\t<div class=\"elementor-icon\">\n\t\t\t<i aria-hidden=\"true\" class=\"fas fa-hands-helping\"><\/i>\t\t\t<\/div>\n\t\t<\/div>\n\t\t\t\t\t\t<\/div>\n\t\t\t\t<\/div>\n\t\t\t\t<\/div>\n\t\t<div class=\"elementor-element elementor-element-7d9bdc0 e-con-full e-flex e-con e-child\" data-id=\"7d9bdc0\" data-element_type=\"container\" data-e-type=\"container\">\n\t\t\t\t<div class=\"elementor-element elementor-element-0f3578c elementor-widget elementor-widget-text-editor\" data-id=\"0f3578c\" data-element_type=\"widget\" data-e-type=\"widget\" data-widget_type=\"text-editor.default\">\n\t\t\t\t<div class=\"elementor-widget-container\">\n\t\t\t\t\t\t\t\t\t<h2 data-start=\"1254\" data-end=\"1282\">Vertrauen &amp; Diskretion<\/h2><p data-start=\"1284\" data-end=\"1431\">Vertrauen ist die Basis jeder erfolgreichen Zusammenarbeit. Absolute Vertraulichkeit und eine offene Kommunikation sind f\u00fcr uns selbstverst\u00e4ndlich.<\/p>\t\t\t\t\t\t\t\t<\/div>\n\t\t\t\t<\/div>\n\t\t\t\t<\/div>\n\t\t\t\t<\/div>\n\t\t\t\t\t<\/div>\n\t\t\t\t<\/div>\n\t\t<div class=\"elementor-element elementor-element-5dbd87d e-flex e-con-boxed e-con e-parent\" data-id=\"5dbd87d\" data-element_type=\"container\" data-e-type=\"container\" id=\"kontakt\">\n\t\t\t\t\t<div class=\"e-con-inner\">\n\t\t<div class=\"elementor-element elementor-element-d18c035 e-con-full e-flex e-con e-child\" data-id=\"d18c035\" data-element_type=\"container\" data-e-type=\"container\">\n\t\t<div class=\"elementor-element elementor-element-81206a8 e-con-full e-flex e-con e-child\" data-id=\"81206a8\" data-element_type=\"container\" data-e-type=\"container\">\n\t\t\t\t<div class=\"elementor-element elementor-element-b31dcc8 elementor-widget elementor-widget-google_maps\" data-id=\"b31dcc8\" data-element_type=\"widget\" data-e-type=\"widget\" data-widget_type=\"google_maps.default\">\n\t\t\t\t<div class=\"elementor-widget-container\">\n\t\t\t\t\t\t\t<div class=\"elementor-custom-embed\">\n\t\t\t<iframe loading=\"lazy\"\n\t\t\t\t\tsrc=\"https:\/\/maps.google.com\/maps?q=Brandenburger%20Tor%2C%20Berlin%2C%20Deutschland&#038;t=m&#038;z=10&#038;output=embed&#038;iwloc=near\"\n\t\t\t\t\ttitle=\"Brandenburger Tor, Berlin, Deutschland\"\n\t\t\t\t\taria-label=\"Brandenburger Tor, Berlin, Deutschland\"\n\t\t\t><\/iframe>\n\t\t<\/div>\n\t\t\t\t\t\t<\/div>\n\t\t\t\t<\/div>\n\t\t\t\t<\/div>\n\t\t<div class=\"elementor-element elementor-element-2397b58 e-con-full e-flex e-con e-child\" data-id=\"2397b58\" data-element_type=\"container\" data-e-type=\"container\">\n\t\t\t\t<div class=\"elementor-element elementor-element-391553d elementor-widget elementor-widget-text-editor\" data-id=\"391553d\" data-element_type=\"widget\" data-e-type=\"widget\" data-widget_type=\"text-editor.default\">\n\t\t\t\t<div class=\"elementor-widget-container\">\n\t\t\t\t\t\t\t\t\t<h3>Kanzlei M\u00fcller &amp; Partner<\/h3><p>Musterstra\u00dfe 23<br \/>12345 Berlin<\/p><p>Telefon 0 30 12 34 56 78<br \/>Fax<br \/>E-Mail: info@muellerpartner.de<\/p><p>Beratungszeiten:<br \/>Mo-Sa 9-16 Uhr<\/p>\t\t\t\t\t\t\t\t<\/div>\n\t\t\t\t<\/div>\n\t\t\t\t<\/div>\n\t\t\t\t<\/div>\n\t\t\t\t\t<\/div>\n\t\t\t\t<\/div>\n\t\t\t\t<\/div>\n\t\t","protected":false},"excerpt":{"rendered":"<p>Kanzlei M\u00fcller &amp; Partner An Ihrer Seite Rechtliche Fragen erfordern klare Antworten \u2013 kompetent, engagiert und zuverl\u00e4ssig. Als erfahrene Rechtsanwaltskanzlei stehen wir Ihnen mit fundierter Beratung und konsequenter Vertretung zur Seite \u2013 au\u00dfergerichtlich wie auch vor Gericht. Ihr Recht ist unser Auftrag. Kontaktieren Sie uns Unsere Anw\u00e4lte Mike M\u00fcller Fachanwalt f\u00fcr Arbeitsrecht Laura Wegner Fachanw\u00e4ltin &#8230; <a title=\"Startseite\" class=\"read-more\" href=\"http:\/\/templates.raz-media.de\/OP-3\/\" aria-label=\"Mehr Informationen \u00fcber Startseite\">Weiterlesen<\/a><\/p>\n","protected":false},"author":2,"featured_media":0,"parent":0,"menu_order":0,"comment_status":"closed","ping_status":"closed","template":"elementor_header_footer","meta":{"footnotes":""},"class_list":["post-33","page","type-page","status-publish"],"_links":{"self":[{"href":"http:\/\/templates.raz-media.de\/OP-3\/wp-json\/wp\/v2\/pages\/33","targetHints":{"allow":["GET"]}}],"collection":[{"href":"http:\/\/templates.raz-media.de\/OP-3\/wp-json\/wp\/v2\/pages"}],"about":[{"href":"http:\/\/templates.raz-media.de\/OP-3\/wp-json\/wp\/v2\/types\/page"}],"author":[{"embeddable":true,"href":"http:\/\/templates.raz-media.de\/OP-3\/wp-json\/wp\/v2\/users\/2"}],"replies":[{"embeddable":true,"href":"http:\/\/templates.raz-media.de\/OP-3\/wp-json\/wp\/v2\/comments?post=33"}],"version-history":[{"count":58,"href":"http:\/\/templates.raz-media.de\/OP-3\/wp-json\/wp\/v2\/pages\/33\/revisions"}],"predecessor-version":[{"id":162,"href":"http:\/\/templates.raz-media.de\/OP-3\/wp-json\/wp\/v2\/pages\/33\/revisions\/162"}],"wp:attachment":[{"href":"http:\/\/templates.raz-media.de\/OP-3\/wp-json\/wp\/v2\/media?parent=33"}],"curies":[{"name":"wp","href":"https:\/\/api.w.org\/{rel}","templated":true}]}}